{"id":228,"date":"2026-01-23T09:07:09","date_gmt":"2026-01-23T09:07:09","guid":{"rendered":"https:\/\/www.heldenschmiede.com\/?page_id=228"},"modified":"2026-01-23T09:08:41","modified_gmt":"2026-01-23T09:08:41","slug":"impressum","status":"publish","type":"page","link":"https:\/\/www.heldenschmiede.com\/index.php\/impressum\/","title":{"rendered":"Impressum"},"content":{"rendered":"\t\t<div data-elementor-type=\"wp-page\" data-elementor-id=\"228\" class=\"elementor elementor-228\" data-elementor-post-type=\"page\">\n\t\t\t\t<div class=\"elementor-element elementor-element-e4fbbc8 e-flex e-con-boxed e-con e-parent\" data-id=\"e4fbbc8\" data-element_type=\"container\">\n\t\t\t\t\t<div class=\"e-con-inner\">\n\t\t\t\t<div class=\"elementor-element elementor-element-22d55cb elementor-widget elementor-widget-text-editor\" data-id=\"22d55cb\" data-element_type=\"widget\" data-widget_type=\"text-editor.default\">\n\t\t\t\t\t\t\t\t\t<div class=\"elementor-element elementor-element-1bfe0bc e-flex e-con-boxed e-con e-parent e-lazyloaded\" data-id=\"1bfe0bc\" data-element_type=\"container\"><div class=\"e-con-inner\"><div class=\"elementor-element elementor-element-c0fa43b elementor-widget elementor-widget-heading\" data-id=\"c0fa43b\" data-element_type=\"widget\" data-widget_type=\"heading.default\"><div class=\"elementor-widget-container\"><h1 class=\"elementor-heading-title elementor-size-default\">Impressum<\/h1><\/div><\/div><\/div><\/div><div class=\"elementor-element elementor-element-5e4b702 e-flex e-con-boxed e-con e-parent e-lazyloaded\" data-id=\"5e4b702\" data-element_type=\"container\"><div class=\"e-con-inner\"><div class=\"elementor-element elementor-element-7d19eb5 elementor-widget elementor-widget-text-editor\" data-id=\"7d19eb5\" data-element_type=\"widget\" data-widget_type=\"text-editor.default\"><div class=\"elementor-widget-container\"><p>Angaben gem\u00e4\u00df \u00a7 5 TMG<\/p><p>Weing\u00e4rtner Marbach e.G.<br \/>Affalterbacher Stra\u00dfe 65<br \/>71672 Marbach am Neckar<\/p><p>Rechtsform: Eingetragene Genossenschaft<\/p><p><strong>Vertreten durch den Vorstand:<\/strong><br \/>Matthias Hammer (Vorsitzender)<br \/>Florian Mayer<br \/>Andreas Reutter<br \/><strong>Aufsichtsratsvorsitzender:<br \/><\/strong>Simon Wurm<\/p><p>Telefonnummer: 07144 \u2013 6419<br \/>Faxnummer: 07144 \u2013 17634<br \/>E-Mailadresse:\u00a0<a href=\"mailto:info@wg-marbach.de\">info@wg-marbach.de<\/a><\/p><p>Registergericht &amp; Registernummer: Amtsgericht Stuttgart: Nr. 310158<\/p><p><strong>Umsatzsteuer-Identifikationsnummer<\/strong>\u00a0gem\u00e4\u00df \u00a7 27 Umsatzsteuergesetz: DE 146123135<\/p><p>Inhaltlich verantwortlich: Matthias Hammer, Adresse wie oben.<\/p><p>\u00a7 54 Pflichtmitgliedschaft im Pr\u00fcfungsverband<\/p><p>Baden-W\u00fcrttembergischer Genossenschaftsverband e.V.<\/p><p>Heilbronner Stra\u00dfe 41<\/p><p>70191 Stuttgart<\/p><hr \/><p>Alle enthaltenen Angaben und Informationen wurden von den Weing\u00e4rtnern Marbach e.G. sorgf\u00e4ltig recherchiert und gepr\u00fcft. F\u00fcr Internet-Seiten Dritter, auf die die Weing\u00e4rtner Marbach e.G. durch Hyperlink verweist, tragen die jeweiligen Anbieter die Verantwortung. Die Weing\u00e4rtner Marbach e.G. ist f\u00fcr den Inhalt von Seiten Dritter nicht verantwortlich.<\/p><\/div><\/div><\/div><\/div>\t\t\t\t\t\t\t\t<\/div>\n\t\t\t\t\t<\/div>\n\t\t\t\t<\/div>\n\t\t\t\t<\/div>\n\t\t","protected":false},"excerpt":{"rendered":"<p>Impressum Angaben gem\u00e4\u00df \u00a7 5 TMG Weing\u00e4rtner Marbach e.G.Affalterbacher Stra\u00dfe 6571672 Marbach am Neckar Rechtsform: Eingetragene Genossenschaft Vertreten durch den Vorstand:Matthias Hammer (Vorsitzender)Florian MayerAndreas ReutterAufsichtsratsvorsitzender:Simon Wurm Telefonnummer: 07144 \u2013 6419Faxnummer: 07144 \u2013 17634E-Mailadresse:\u00a0info@wg-marbach.de Registergericht &amp; Registernummer: Amtsgericht Stuttgart: Nr. 310158 Umsatzsteuer-Identifikationsnummer\u00a0gem\u00e4\u00df \u00a7 27 Umsatzsteuergesetz: DE 146123135 Inhaltlich verantwortlich: Matthias Hammer, Adresse wie oben. \u00a7 54 [&hellip;]<\/p>\n","protected":false},"author":3,"featured_media":0,"parent":0,"menu_order":0,"comment_status":"closed","ping_status":"closed","template":"","meta":{"footnotes":""},"class_list":["post-228","page","type-page","status-publish","hentry"],"_links":{"self":[{"href":"https:\/\/www.heldenschmiede.com\/index.php\/wp-json\/wp\/v2\/pages\/228","targetHints":{"allow":["GET"]}}],"collection":[{"href":"https:\/\/www.heldenschmiede.com\/index.php\/wp-json\/wp\/v2\/pages"}],"about":[{"href":"https:\/\/www.heldenschmiede.com\/index.php\/wp-json\/wp\/v2\/types\/page"}],"author":[{"embeddable":true,"href":"https:\/\/www.heldenschmiede.com\/index.php\/wp-json\/wp\/v2\/users\/3"}],"replies":[{"embeddable":true,"href":"https:\/\/www.heldenschmiede.com\/index.php\/wp-json\/wp\/v2\/comments?post=228"}],"version-history":[{"count":5,"href":"https:\/\/www.heldenschmiede.com\/index.php\/wp-json\/wp\/v2\/pages\/228\/revisions"}],"predecessor-version":[{"id":234,"href":"https:\/\/www.heldenschmiede.com\/index.php\/wp-json\/wp\/v2\/pages\/228\/revisions\/234"}],"wp:attachment":[{"href":"https:\/\/www.heldenschmiede.com\/index.php\/wp-json\/wp\/v2\/media?parent=228"}],"curies":[{"name":"wp","href":"https:\/\/api.w.org\/{rel}","templated":true}]}}